{"id":8,"date":"2021-02-05T16:51:24","date_gmt":"2021-02-05T16:51:24","guid":{"rendered":"https:\/\/prakalbintosknygos.wordpress.com\/?page_id=8"},"modified":"2022-04-03T18:21:36","modified_gmt":"2022-04-03T18:21:36","slug":"about","status":"publish","type":"page","link":"https:\/\/kaciapaskaicius.lt\/?page_id=8","title":{"rendered":"Apie mane"},"content":{"rendered":"<p>[et_pb_section fb_built=&#8221;1&#8243; _builder_version=&#8221;4.15&#8243; _module_preset=&#8221;default&#8221; background_color=&#8221;#f2f1ef&#8221; global_colors_info=&#8221;{}&#8221;][et_pb_row _builder_version=&#8221;4.15&#8243; _module_preset=&#8221;default&#8221; global_colors_info=&#8221;{}&#8221;][et_pb_column type=&#8221;4_4&#8243; _builder_version=&#8221;4.15&#8243; _module_preset=&#8221;default&#8221; global_colors_info=&#8221;{}&#8221;][et_pb_text _builder_version=&#8221;4.15&#8243; _module_preset=&#8221;default&#8221; text_font=&#8221;Alegreya||||||||&#8221; text_font_size=&#8221;42px&#8221; text_letter_spacing=&#8221;2px&#8221; text_line_height=&#8221;1em&#8221; global_colors_info=&#8221;{}&#8221;]<\/p>\n<p style=\"text-align: center;\">K\u0105 \u010dia paskai\u010dius?<\/p>\n<p>[\/et_pb_text][\/et_pb_column][\/et_pb_row][et_pb_row _builder_version=&#8221;4.15&#8243; _module_preset=&#8221;default&#8221; global_colors_info=&#8221;{}&#8221;][et_pb_column type=&#8221;4_4&#8243; _builder_version=&#8221;4.15&#8243; _module_preset=&#8221;default&#8221; global_colors_info=&#8221;{}&#8221;][et_pb_image src=&#8221;https:\/\/kaciapaskaicius.lt\/wp-content\/uploads\/2022\/01\/Screenshot-2021-09-28-134117.png&#8221; title_text=&#8221;Screenshot 2021-09-28 134117&#8243; align=&#8221;center&#8221; _builder_version=&#8221;4.15&#8243; _module_preset=&#8221;default&#8221; width=&#8221;71%&#8221; max_width=&#8221;26%&#8221; global_colors_info=&#8221;{}&#8221;][\/et_pb_image][\/et_pb_column][\/et_pb_row][et_pb_row column_structure=&#8221;1_2,1_2&#8243; _builder_version=&#8221;4.15&#8243; _module_preset=&#8221;default&#8221; global_colors_info=&#8221;{}&#8221;][et_pb_column type=&#8221;1_2&#8243; _builder_version=&#8221;4.15&#8243; _module_preset=&#8221;default&#8221; global_colors_info=&#8221;{}&#8221;][et_pb_image src=&#8221;https:\/\/kaciapaskaicius.lt\/wp-content\/uploads\/2022\/01\/Raminta-Rusinaite-tekstu-rasymas-tekstai-knygu-apzvalgos-naujos-knygos-7.jpg&#8221; title_text=&#8221;Raminta Rusinait\u0117, tekst\u0173 ra\u0161ymas, tekstai, knyg\u0173 ap\u017evalgos, naujos knygos (7)&#8221; _builder_version=&#8221;4.15&#8243; _module_preset=&#8221;default&#8221; global_colors_info=&#8221;{}&#8221;][\/et_pb_image][\/et_pb_column][et_pb_column type=&#8221;1_2&#8243; _builder_version=&#8221;4.15&#8243; _module_preset=&#8221;default&#8221; global_colors_info=&#8221;{}&#8221;][et_pb_text _builder_version=&#8221;4.15&#8243; _module_preset=&#8221;default&#8221; global_colors_info=&#8221;{}&#8221;]<\/p>\n<h4>\u201eSo many books, so little time\u201c Frank Zappa<\/h4>\n<p>&nbsp;<\/p>\n<p>Pamenu save dar pradinuk\u0119, kuomet kas savait\u0119 gr\u012f\u017edavau i\u0161 bibliotekos su kr\u016bva knyg\u0173 ir ie\u0161kodavau tinkamo kampelio pasinerti j\u0173 draugijoje. Kelion\u0117s laiku, svajon\u0117s, nuotykiai. Taip pat pamenu, kaip pati kurdavau tekstus, eil\u0117ra\u0161\u010dius ir laikra\u0161\u010dius, kuriuos pardavin\u0117davau t\u0117vams.<\/p>\n<p>\u0160is tinklara\u0161tis apjungia du manyje gyvenan\u010dius pom\u0117gius \u2013 skaitym\u0105 ir ra\u0161ym\u0105. Dalinuosi tuo, k\u0105 verta skaityti. Tikiuosi ir tau turinys bus naudingas ir \u012fdomus.<\/p>\n<p>Pasineriu ne tik \u012f nauj\u0173 knyg\u0173 ap\u017evalgas, bet ir \u012f am\u017einai \u017eydin\u010di\u0105 klasik\u0105. Manau, kad gyvenime svarbu \u012fvairialypis po\u017ei\u016bris, tad gard\u017eiuojuosi labai skirtingomis knygomis.<\/p>\n<p>Da\u017enai sulaukiu klausimo, k\u0105 rekomenduotum skaityti, ta\u010diau tai labai individualu. Jei reik\u0117t\u0173 reziumuoti savo paskutini\u0173 met\u0173 patirt\u012f, rekomenduo\u010diau pasinerti \u012f \u0161ias knygas:<\/p>\n<ul>\n<li>M. Abromovi\u010d (biografija tarsi romanas) \u201eEiti kiaurai sienas\u201c,<\/li>\n<li>B. Sruoga (biografija apie koncentracijos stovyklos gyvenim\u0105) \u201eDiev\u0173 mi\u0161kas\u201c,<\/li>\n<li>D. Sinclair (tobul\u0117jimas, Harvardo prof. knyga apie sen\u0117jim\u0105) \u201eGyvenimo trukm\u0117\u201c,<\/li>\n<li>F. Dostojevskis (romanas, am\u017eina klasika) \u201eBroliai Karamazovai\u201c,<\/li>\n<li>A. North (detektyvas) \u201e\u0160nab\u017ed\u0117tojas\u201c,<\/li>\n<li>E. M. Remarque (klasika kalbanti apie II Pasaulin\u012f kar\u0105) \u201eLaikas gyventi ir laikas mirti\u201c ir \u201eVakar\u0173 fronte nieko naujo\u201c,<\/li>\n<li>W. Shakespeare (poezija ir moterims, ir vyrams) \u201eSonetai\u201c,<\/li>\n<li>M. \u0116mu\u017eis (apie lietuvi\u0173 pasiprie\u0161inim\u0105 rusams tarpukariu) \u201ePartizan\u0117\u201c,<\/li>\n<li>K. Sabaliauskait\u0117 (istorinis romanas) \u201ePetro imperator\u0117 I \u2013 II\u201c,<\/li>\n<li>H. Herrera (spalvinga biografija) \u201eFrida\u201c,<\/li>\n<li>C. McCullough (jaudinantis romanas) \u201eEr\u0161k\u0117\u010di\u0173 pauk\u0161\u010diai\u201c,<\/li>\n<li>M. Aurelius \u2013 (filosofija) \u201eSau pa\u010diam\u201c,<\/li>\n<li>A. M. Grant (tobul\u0117jimas ir k\u016brybingumas) \u201eOriginalai. Kaip nesitaikstantys su taisykl\u0117mis pakei\u010dia pasaul\u012f\u201c.<\/li>\n<\/ul>\n<p>[\/et_pb_text][\/et_pb_column][\/et_pb_row][\/et_pb_section]<\/p>\n","protected":false},"excerpt":{"rendered":"<p>K\u0105 \u010dia paskai\u010dius?\u201eSo many books, so little time\u201c Frank Zappa &nbsp; Pamenu save dar pradinuk\u0119, kuomet kas savait\u0119 gr\u012f\u017edavau i\u0161 bibliotekos su kr\u016bva knyg\u0173 ir ie\u0161kodavau tinkamo kampelio pasinerti j\u0173 draugijoje. Kelion\u0117s laiku, svajon\u0117s, nuotykiai. Taip pat pamenu, kaip pati kurdavau tekstus, eil\u0117ra\u0161\u010dius ir laikra\u0161\u010dius, kuriuos pardavin\u0117davau t\u0117vams. \u0160is tinklara\u0161tis apjungia du manyje gyvenan\u010dius pom\u0117gius [&hellip;]<\/p>\n","protected":false},"author":1,"featured_media":0,"parent":0,"menu_order":0,"comment_status":"closed","ping_status":"closed","template":"","meta":{"_et_pb_use_builder":"on","_et_pb_old_content":"<!-- wp:spacer {\"height\":20} -->\r\n<div style=\"height:20px\" aria-hidden=\"true\" class=\"wp-block-spacer\"><\/div>\r\n<!-- \/wp:spacer -->\r\n\r\n<!-- wp:cover {\"url\":\"https:\/\/kaciapaskaicius.lt\/wp-content\/uploads\/2022\/01\/Book-Shelves-Wallpaper-by-MINDTHEGAP-2-1024x1024.jpg\",\"id\":2109,\"style\":{\"color\":{}}} -->\r\n<div class=\"wp-block-cover has-background-dim\"><img class=\"wp-block-cover__image-background wp-image-2109\" alt=\"\" src=\"https:\/\/kaciapaskaicius.lt\/wp-content\/uploads\/2022\/01\/Book-Shelves-Wallpaper-by-MINDTHEGAP-2-1024x1024.jpg\" data-object-fit=\"cover\"\/><div class=\"wp-block-cover__inner-container\"><!-- wp:paragraph {\"fontSize\":\"large\"} -->\r\n<p class=\"has-large-font-size\">\u201eSo many books, so little time\u201c Frank Zappa<\/p>\r\n<!-- \/wp:paragraph --><\/div><\/div>\r\n<!-- \/wp:cover -->\r\n\r\n<!-- wp:group {\"align\":\"full\"} -->\r\n<div class=\"wp-block-group alignfull\"><!-- wp:jetpack\/layout-grid {\"column1DesktopSpan\":6,\"column1TabletSpan\":4,\"column1MobileSpan\":4,\"column2DesktopSpan\":6,\"column2TabletSpan\":4,\"column2MobileSpan\":4,\"column3DesktopSpan\":1,\"column3TabletSpan\":8,\"column3MobileSpan\":4,\"column4DesktopSpan\":3,\"column4TabletSpan\":4,\"column4MobileSpan\":4,\"className\":\"column1-desktop-grid__span-6 column1-desktop-grid__row-1 column2-desktop-grid__span-6 column2-desktop-grid__start-7 column2-desktop-grid__row-1 column1-tablet-grid__span-4 column1-tablet-grid__row-1 column2-tablet-grid__span-4 column2-tablet-grid__start-5 column2-tablet-grid__row-1 column1-mobile-grid__span-4 column1-mobile-grid__row-1 column2-mobile-grid__span-4 column2-mobile-grid__row-2\"} -->\r\n<div class=\"wp-block-jetpack-layout-grid alignfull column1-desktop-grid__span-6 column1-desktop-grid__row-1 column2-desktop-grid__span-6 column2-desktop-grid__start-7 column2-desktop-grid__row-1 column1-tablet-grid__span-4 column1-tablet-grid__row-1 column2-tablet-grid__span-4 column2-tablet-grid__start-5 column2-tablet-grid__row-1 column1-mobile-grid__span-4 column1-mobile-grid__row-1 column2-mobile-grid__span-4 column2-mobile-grid__row-2\"><!-- wp:jetpack\/layout-grid-column -->\r\n<div class=\"wp-block-jetpack-layout-grid-column wp-block-jetpack-layout-grid__padding-none\"><!-- wp:columns -->\r\n<div class=\"wp-block-columns\"><!-- wp:column {\"width\":\"100%\"} -->\r\n<div class=\"wp-block-column\" style=\"flex-basis:100%\"><!-- wp:image {\"id\":1221,\"width\":342,\"height\":512,\"sizeSlug\":\"large\",\"linkDestination\":\"none\",\"className\":\"is-style-default\"} -->\r\n<figure class=\"wp-block-image size-large is-resized is-style-default\"><img src=\"https:\/\/kaciapaskaicius.lt\/wp-content\/uploads\/2021\/11\/raminta-rusinaite-tekstu-rasymas-tekstai-knygu-apzvalgos-naujos-knygos-7.jpg?w=682\" alt=\"\" class=\"wp-image-1221\" width=\"342\" height=\"512\"\/><figcaption>Raminta Rusinait\u0117<\/figcaption><\/figure>\r\n<!-- \/wp:image --><\/div>\r\n<!-- \/wp:column --><\/div>\r\n<!-- \/wp:columns --><\/div>\r\n<!-- \/wp:jetpack\/layout-grid-column -->\r\n\r\n<!-- wp:jetpack\/layout-grid-column -->\r\n<div class=\"wp-block-jetpack-layout-grid-column wp-block-jetpack-layout-grid__padding-none\"><!-- wp:heading {\"textAlign\":\"center\",\"level\":4} -->\r\n<h4 class=\"has-text-align-center\" id=\"so-many-books-so-little-time-frank-zappa\"><\/h4>\r\n<!-- \/wp:heading -->\r\n\r\n<!-- wp:paragraph -->\r\n<p>Pamenu save dar pradinuk\u0119, kuomet kas savait\u0119 gr\u012f\u017edavau i\u0161 bibliotekos su kr\u016bva knyg\u0173 ir ie\u0161kodavau tinkamo kampelio pasinerti j\u0173 draugijoje. Kelion\u0117s laiku, svajon\u0117s, nuotykiai. Taip pat pamenu, kaip pati kurdavau tekstus, eil\u0117ra\u0161\u010dius ir laikra\u0161\u010dius, kuriuos pardavin\u0117davau t\u0117vams. <\/p>\r\n<!-- \/wp:paragraph -->\r\n\r\n<!-- wp:paragraph -->\r\n<p>\u0160is tinklara\u0161tis apjungia du manyje gyvenan\u010dius pom\u0117gius - skaitym\u0105 ir ra\u0161ym\u0105. Dalinuosi tuo, k\u0105 verta skaityti. Tikiuosi ir tau turinys bus naudingas ir \u012fdomus.<\/p>\r\n<!-- \/wp:paragraph -->\r\n\r\n<!-- wp:paragraph -->\r\n<p>Pasineriu ne tik \u012f nauj\u0173 knyg\u0173 ap\u017evalgas, bet ir \u012f am\u017einai \u017eydin\u010di\u0105 klasik\u0105. Manau, kad gyvenime svarbu \u012fvairialypis po\u017ei\u016bris, tad gard\u017eiuojuosi labai skirtingomis knygomis. <\/p>\r\n<!-- \/wp:paragraph -->\r\n\r\n<!-- wp:paragraph -->\r\n<p>Da\u017enai sulaukiu klausimo, k\u0105 rekomenduotum skaityti, ta\u010diau tai labai individualu. Jei reik\u0117t\u0173 reziumuoti savo paskutini\u0173 met\u0173 patirt\u012f, rekomenduo\u010diau pasinerti \u012f \u0161ias knygas: <\/p>\r\n<!-- \/wp:paragraph -->\r\n\r\n<!-- wp:list -->\r\n<ul><li>M. Abromovi\u010d (biografija tarsi romanas) \u201eEiti kiaurai sienas\u201c, <\/li><li>B. Sruoga (biografija apie koncentracijos stovyklos gyvenim\u0105) \u201eDiev\u0173 mi\u0161kas\u201c, <\/li><li>D. Sinclair (tobul\u0117jimas, Harvardo prof. knyga apie sen\u0117jim\u0105) \u201eGyvenimo trukm\u0117\u201c, <\/li><li>F. Dostojevskis (romanas, am\u017eina klasika) \u201eBroliai Karamazovai\u201c, <\/li><li>A. North (detektyvas) \u201e\u0160nab\u017ed\u0117tojas\u201c, <\/li><li>E. M. Remarque (klasika kalbanti apie II Pasaulin\u012f kar\u0105) \u201eLaikas gyventi ir laikas mirti\u201c ir \u201eVakar\u0173 fronte nieko naujo\u201c, <\/li><li>W. Shakespeare (poezija ir moterims, ir vyrams) \u201eSonetai\u201c, <\/li><li>M. \u0116mu\u017eis (apie lietuvi\u0173 pasiprie\u0161inim\u0105 rusams tarpukariu) \u201ePartizan\u0117\u201c, <\/li><li>K. Sabaliauskait\u0117 (istorinis romanas) \u201ePetro imperator\u0117 I  - II\u201c, <\/li><li>H. Herrera (spalvinga biografija) \u201eFrida\u201c, <\/li><li>C. McCullough (jaudinantis romanas) \u201eEr\u0161k\u0117\u010di\u0173 pauk\u0161\u010diai\u201c, <\/li><li>M. Aurelius - (filosofija) \u201eSau pa\u010diam\u201c, <\/li><li>A. M. Grant (tobul\u0117jimas ir k\u016brybingumas) \u201eOriginalai. Kaip nesitaikstantys su taisykl\u0117mis pakei\u010dia pasaul\u012f\u201c.<\/li><\/ul>\r\n<!-- \/wp:list -->\r\n\r\n<!-- wp:paragraph -->\r\n<p>Jei m\u0117gaujat\u0117s tuo, kuo dalinuosi, kvie\u010diu prisid\u0117ti prie k\u016brybos Patreon platformoje: <a href=\"https:\/\/www.patreon.com\/kaciapaskaicius\" target=\"_blank\" rel=\"noreferrer noopener\">https:\/\/www.patreon.com\/user?u=43914620<\/a><\/p>\r\n<!-- \/wp:paragraph -->\r\n\r\n<!-- wp:paragraph {\"align\":\"right\"} -->\r\n<p class=\"has-text-align-right\"><\/p>\r\n<!-- \/wp:paragraph -->\r\n\r\n<!-- wp:paragraph -->\r\n<p><\/p>\r\n<!-- \/wp:paragraph --><\/div>\r\n<!-- \/wp:jetpack\/layout-grid-column --><\/div>\r\n<!-- \/wp:jetpack\/layout-grid --><\/div>\r\n<!-- \/wp:group -->","_et_gb_content_width":"","_monsterinsights_skip_tracking":false,"_monsterinsights_sitenote_active":false,"_monsterinsights_sitenote_note":"","_monsterinsights_sitenote_category":0,"footnotes":""},"class_list":["post-8","page","type-page","status-publish","hentry"],"aioseo_notices":[],"jetpack_sharing_enabled":false,"_links":{"self":[{"href":"https:\/\/kaciapaskaicius.lt\/index.php?rest_route=\/wp\/v2\/pages\/8","targetHints":{"allow":["GET"]}}],"collection":[{"href":"https:\/\/kaciapaskaicius.lt\/index.php?rest_route=\/wp\/v2\/pages"}],"about":[{"href":"https:\/\/kaciapaskaicius.lt\/index.php?rest_route=\/wp\/v2\/types\/page"}],"author":[{"embeddable":true,"href":"https:\/\/kaciapaskaicius.lt\/index.php?rest_route=\/wp\/v2\/users\/1"}],"replies":[{"embeddable":true,"href":"https:\/\/kaciapaskaicius.lt\/index.php?rest_route=%2Fwp%2Fv2%2Fcomments&post=8"}],"version-history":[{"count":15,"href":"https:\/\/kaciapaskaicius.lt\/index.php?rest_route=\/wp\/v2\/pages\/8\/revisions"}],"predecessor-version":[{"id":2429,"href":"https:\/\/kaciapaskaicius.lt\/index.php?rest_route=\/wp\/v2\/pages\/8\/revisions\/2429"}],"wp:attachment":[{"href":"https:\/\/kaciapaskaicius.lt\/index.php?rest_route=%2Fwp%2Fv2%2Fmedia&parent=8"}],"curies":[{"name":"wp","href":"https:\/\/api.w.org\/{rel}","templated":true}]}}