{"id":7,"date":"2021-02-05T16:51:25","date_gmt":"2021-02-05T16:51:25","guid":{"rendered":"https:\/\/prakalbintosknygos.wordpress.com\/?page_id=7"},"modified":"2022-01-22T15:04:59","modified_gmt":"2022-01-22T15:04:59","slug":"contact","status":"publish","type":"page","link":"https:\/\/kaciapaskaicius.lt\/?page_id=7","title":{"rendered":"Kontaktai"},"content":{"rendered":"<p>[et_pb_section fb_built=&#8221;1&#8243; _builder_version=&#8221;3.22&#8243; global_colors_info=&#8221;{}&#8221;][et_pb_row _builder_version=&#8221;4.14.4&#8243; _module_preset=&#8221;default&#8221; global_colors_info=&#8221;{}&#8221;][et_pb_column type=&#8221;4_4&#8243; _builder_version=&#8221;4.14.4&#8243; _module_preset=&#8221;default&#8221; global_colors_info=&#8221;{}&#8221;][et_pb_text _builder_version=&#8221;4.14.4&#8243; _module_preset=&#8221;default&#8221; text_font=&#8221;Alegreya||||||||&#8221; text_font_size=&#8221;37px&#8221; text_letter_spacing=&#8221;4px&#8221; text_line_height=&#8221;1.5em&#8221; global_colors_info=&#8221;{}&#8221;]<\/p>\n<p style=\"text-align: center;\">K\u0105 \u010dia paskai\u010dius?<\/p>\n<p>[\/et_pb_text][\/et_pb_column][\/et_pb_row][et_pb_row _builder_version=&#8221;4.14.4&#8243; _module_preset=&#8221;default&#8221; global_colors_info=&#8221;{}&#8221;][et_pb_column type=&#8221;4_4&#8243; _builder_version=&#8221;4.14.4&#8243; _module_preset=&#8221;default&#8221; global_colors_info=&#8221;{}&#8221;][et_pb_text _builder_version=&#8221;4.14.4&#8243; _module_preset=&#8221;default&#8221; header_6_text_align=&#8221;center&#8221; header_6_font_size=&#8221;33px&#8221; header_6_letter_spacing=&#8221;23px&#8221; header_6_line_height=&#8221;1.5em&#8221; hover_enabled=&#8221;0&#8243; global_colors_info=&#8221;{}&#8221; sticky_enabled=&#8221;0&#8243;]<\/p>\n<p style=\"text-align: center;\">Lauksiu j\u016bs\u0173 komentar\u0173, pasi\u016blym\u0173 ir pasteb\u0117jim\u0173. Jei norite bendradarbiauti, susisiekite, aptarsime pla\u010diau.<\/p>\n<p>[\/et_pb_text][\/et_pb_column][\/et_pb_row][et_pb_row _builder_version=&#8221;4.14.4&#8243; _module_preset=&#8221;default&#8221; global_colors_info=&#8221;{}&#8221;][et_pb_column type=&#8221;4_4&#8243; _builder_version=&#8221;4.14.4&#8243; _module_preset=&#8221;default&#8221; global_colors_info=&#8221;{}&#8221;][et_pb_contact_form success_message=&#8221;J\u016bs\u0173 \u017einut\u0117 i\u0161si\u0173sta&#8221; submit_button_text=&#8221;I\u0161si\u0173sti&#8221; _builder_version=&#8221;4.14.4&#8243; _module_preset=&#8221;default&#8221; _unique_id=&#8221;a22b3dc4-c801-4bf3-aae9-a825cbd12dab&#8221; global_colors_info=&#8221;{}&#8221;][et_pb_contact_field field_id=&#8221;Vardas&#8221; field_title=&#8221;Vardas&#8221; _builder_version=&#8221;4.14.4&#8243; global_colors_info=&#8221;{}&#8221; button_text_size__hover_enabled=&#8221;off&#8221; button_one_text_size__hover_enabled=&#8221;off&#8221; button_two_text_size__hover_enabled=&#8221;off&#8221; button_text_color__hover_enabled=&#8221;off&#8221; button_one_text_color__hover_enabled=&#8221;off&#8221; button_two_text_color__hover_enabled=&#8221;off&#8221; button_border_width__hover_enabled=&#8221;off&#8221; button_one_border_width__hover_enabled=&#8221;off&#8221; button_two_border_width__hover_enabled=&#8221;off&#8221; button_border_color__hover_enabled=&#8221;off&#8221; button_one_border_color__hover_enabled=&#8221;off&#8221; button_two_border_color__hover_enabled=&#8221;off&#8221; button_border_radius__hover_enabled=&#8221;off&#8221; button_one_border_radius__hover_enabled=&#8221;off&#8221; button_two_border_radius__hover_enabled=&#8221;off&#8221; button_letter_spacing__hover_enabled=&#8221;off&#8221; button_one_letter_spacing__hover_enabled=&#8221;off&#8221; button_two_letter_spacing__hover_enabled=&#8221;off&#8221; button_bg_color__hover_enabled=&#8221;off&#8221; button_one_bg_color__hover_enabled=&#8221;off&#8221; button_two_bg_color__hover_enabled=&#8221;off&#8221;][\/et_pb_contact_field][et_pb_contact_field field_id=&#8221;El._pa\u0161to_adresas&#8221; field_title=&#8221;El. pa\u0161to adresas&#8221; field_type=&#8221;email&#8221; _builder_version=&#8221;4.14.4&#8243; global_colors_info=&#8221;{}&#8221; button_text_size__hover_enabled=&#8221;off&#8221; button_one_text_size__hover_enabled=&#8221;off&#8221; button_two_text_size__hover_enabled=&#8221;off&#8221; button_text_color__hover_enabled=&#8221;off&#8221; button_one_text_color__hover_enabled=&#8221;off&#8221; button_two_text_color__hover_enabled=&#8221;off&#8221; button_border_width__hover_enabled=&#8221;off&#8221; button_one_border_width__hover_enabled=&#8221;off&#8221; button_two_border_width__hover_enabled=&#8221;off&#8221; button_border_color__hover_enabled=&#8221;off&#8221; button_one_border_color__hover_enabled=&#8221;off&#8221; button_two_border_color__hover_enabled=&#8221;off&#8221; button_border_radius__hover_enabled=&#8221;off&#8221; button_one_border_radius__hover_enabled=&#8221;off&#8221; button_two_border_radius__hover_enabled=&#8221;off&#8221; button_letter_spacing__hover_enabled=&#8221;off&#8221; button_one_letter_spacing__hover_enabled=&#8221;off&#8221; button_two_letter_spacing__hover_enabled=&#8221;off&#8221; button_bg_color__hover_enabled=&#8221;off&#8221; button_one_bg_color__hover_enabled=&#8221;off&#8221; button_two_bg_color__hover_enabled=&#8221;off&#8221;][\/et_pb_contact_field][et_pb_contact_field field_id=&#8221;\u017dinut\u0117&#8221; field_title=&#8221;\u017dinut\u0117&#8221; field_type=&#8221;text&#8221; fullwidth_field=&#8221;on&#8221; _builder_version=&#8221;4.14.4&#8243; global_colors_info=&#8221;{}&#8221; button_text_size__hover_enabled=&#8221;off&#8221; button_one_text_size__hover_enabled=&#8221;off&#8221; button_two_text_size__hover_enabled=&#8221;off&#8221; button_text_color__hover_enabled=&#8221;off&#8221; button_one_text_color__hover_enabled=&#8221;off&#8221; button_two_text_color__hover_enabled=&#8221;off&#8221; button_border_width__hover_enabled=&#8221;off&#8221; button_one_border_width__hover_enabled=&#8221;off&#8221; button_two_border_width__hover_enabled=&#8221;off&#8221; button_border_color__hover_enabled=&#8221;off&#8221; button_one_border_color__hover_enabled=&#8221;off&#8221; button_two_border_color__hover_enabled=&#8221;off&#8221; button_border_radius__hover_enabled=&#8221;off&#8221; button_one_border_radius__hover_enabled=&#8221;off&#8221; button_two_border_radius__hover_enabled=&#8221;off&#8221; button_letter_spacing__hover_enabled=&#8221;off&#8221; button_one_letter_spacing__hover_enabled=&#8221;off&#8221; button_two_letter_spacing__hover_enabled=&#8221;off&#8221; button_bg_color__hover_enabled=&#8221;off&#8221; button_one_bg_color__hover_enabled=&#8221;off&#8221; button_two_bg_color__hover_enabled=&#8221;off&#8221;][\/et_pb_contact_field][\/et_pb_contact_form][\/et_pb_column][\/et_pb_row][\/et_pb_section]<\/p>\n","protected":false},"excerpt":{"rendered":"<p>K\u0105 \u010dia paskai\u010dius?Lauksiu j\u016bs\u0173 komentar\u0173, pasi\u016blym\u0173 ir pasteb\u0117jim\u0173. Jei norite bendradarbiauti, susisiekite, aptarsime pla\u010diau.<\/p>\n","protected":false},"author":1,"featured_media":0,"parent":0,"menu_order":0,"comment_status":"closed","ping_status":"closed","template":"","meta":{"_et_pb_use_builder":"on","_et_pb_old_content":"<!-- wp:paragraph {\"align\":\"center\"} -->\r\n<p class=\"has-text-align-center\">Visuomet lauksiu j\u016bs\u0173 lai\u0161k\u0173  - bendradarbiavimui, diskusijoms, id\u0117joms.<\/p>\r\n<!-- \/wp:paragraph -->\r\n\r\n<!-- wp:spacer {\"height\":32,\"className\":\"desktop-only\"} -->\r\n<div style=\"height:32px\" aria-hidden=\"true\" class=\"wp-block-spacer desktop-only\"><\/div>\r\n<!-- \/wp:spacer -->\r\n\r\n<!-- wp:columns {\"align\":\"wide\",\"className\":\"has-2-columns\"} -->\r\n<div class=\"wp-block-columns alignwide has-2-columns\"><!-- wp:column -->\r\n<div class=\"wp-block-column\"><!-- wp:heading {\"textAlign\":\"left\"} -->\r\n<h2 class=\"has-text-align-left\">Susisiekime<\/h2>\r\n<!-- \/wp:heading -->\r\n\r\n<!-- wp:paragraph -->\r\n<p><\/p>\r\n<!-- \/wp:paragraph -->\r\n\r\n<!-- wp:jetpack\/contact-info -->\r\n<div class=\"wp-block-jetpack-contact-info\">\r\n<!-- wp:jetpack\/email {\"email\":\"raminta.rusinaite@gmail.com\\nVilnius, Lithuania,\\n+37069666079\\n\"} -->\r\n<div class=\"wp-block-jetpack-email\"><a href=\"mailto:raminta.rusinaite@gmail.com\">raminta.rusinaite@gmail.com<\/a>\r\nVilnius, Lithuania,\r\n+37069666079\r\n<\/div>\r\n<!-- \/wp:jetpack\/email -->\r\n<\/div>\r\n<!-- \/wp:jetpack\/contact-info -->\r\n\r\n<!-- wp:social-links -->\r\n<ul class=\"wp-block-social-links\"><!-- wp:social-link {\"url\":\"facebook.com\/K\u0105-\u010dia-paskai\u010dius-112334657920723\",\"service\":\"facebook\"} \/-->\r\n\r\n<!-- wp:social-link {\"url\":\"https:\/\/www.instagram.com\/ka_cia_paskaicius\/\",\"service\":\"instagram\"} \/-->\r\n\r\n<!-- wp:social-link {\"url\":\"https:\/\/www.linkedin.com\/in\/ramrus90\/\",\"service\":\"linkedin\"} \/-->\r\n\r\n<!-- wp:social-link {\"url\":\"https:\/\/www.goodreads.com\/user\/show\/15556644-raminta-rusinait\",\"service\":\"goodreads\"} \/--><\/ul>\r\n<!-- \/wp:social-links --><\/div>\r\n<!-- \/wp:column -->\r\n\r\n<!-- wp:column -->\r\n<div class=\"wp-block-column\"><!-- wp:heading {\"textAlign\":\"left\"} -->\r\n<h2 class=\"has-text-align-left\">Bendraukime!<\/h2>\r\n<!-- \/wp:heading -->\r\n\r\n<!-- wp:jetpack\/contact-form {\"subject\":\"[K\u0105 \u010dia paskai\u010dius?] Contact\",\"to\":\"raminta.rusinaite@gmail.com\"} -->\r\n<!-- wp:jetpack\/field-name {\"label\":\"Vardas\"} \/-->\r\n<!-- wp:jetpack\/field-email {\"label\":\"El. pa\u0161tas\",\"required\":true} \/-->\r\n<!-- wp:jetpack\/field-textarea {\"label\":\"\u017dinut\u0117\",\"required\":true} \/-->\r\n<!-- \/wp:jetpack\/contact-form --><\/div>\r\n<!-- \/wp:column --><\/div>\r\n<!-- \/wp:columns -->","_et_gb_content_width":"","_monsterinsights_skip_tracking":false,"_monsterinsights_sitenote_active":false,"_monsterinsights_sitenote_note":"","_monsterinsights_sitenote_category":0,"footnotes":""},"class_list":["post-7","page","type-page","status-publish","hentry"],"aioseo_notices":[],"jetpack_sharing_enabled":false,"_links":{"self":[{"href":"https:\/\/kaciapaskaicius.lt\/index.php?rest_route=\/wp\/v2\/pages\/7","targetHints":{"allow":["GET"]}}],"collection":[{"href":"https:\/\/kaciapaskaicius.lt\/index.php?rest_route=\/wp\/v2\/pages"}],"about":[{"href":"https:\/\/kaciapaskaicius.lt\/index.php?rest_route=\/wp\/v2\/types\/page"}],"author":[{"embeddable":true,"href":"https:\/\/kaciapaskaicius.lt\/index.php?rest_route=\/wp\/v2\/users\/1"}],"replies":[{"embeddable":true,"href":"https:\/\/kaciapaskaicius.lt\/index.php?rest_route=%2Fwp%2Fv2%2Fcomments&post=7"}],"version-history":[{"count":6,"href":"https:\/\/kaciapaskaicius.lt\/index.php?rest_route=\/wp\/v2\/pages\/7\/revisions"}],"predecessor-version":[{"id":2193,"href":"https:\/\/kaciapaskaicius.lt\/index.php?rest_route=\/wp\/v2\/pages\/7\/revisions\/2193"}],"wp:attachment":[{"href":"https:\/\/kaciapaskaicius.lt\/index.php?rest_route=%2Fwp%2Fv2%2Fmedia&parent=7"}],"curies":[{"name":"wp","href":"https:\/\/api.w.org\/{rel}","templated":true}]}}